{"id":5043,"date":"2022-01-17T14:18:34","date_gmt":"2022-01-17T14:18:34","guid":{"rendered":"https:\/\/www.olioalberti.it\/?post_type=product&#038;p=5043"},"modified":"2022-06-01T07:31:34","modified_gmt":"2022-06-01T07:31:34","slug":"gewuerz-auf-der-basis-von-extra-nativem-olivenoel-weissem-trueffel","status":"publish","type":"product","link":"https:\/\/demodev.olioalberti.it\/de\/prodotto\/gewuerz-auf-der-basis-von-extra-nativem-olivenoel-weissem-trueffel\/","title":{"rendered":"Gew\u00fcrz auf der Basis von extra nativem Oliven\u00f6l &#038; wei\u00dfem Tr\u00fcffel"},"content":{"rendered":"<div class=\"wpb-content-wrapper\">[vc_row][vc_column width=&#8220;1\/2&#8243;][vc_column_text css=&#8220;.vc_custom_1642429436978{margin-bottom: 0px !important;}&#8220;]Die Verbindung aus einem extra sanften Oliven\u00f6l und dem geschmackvollen Wei\u00dfen Tr\u00fcffel erm\u00f6glicht es Ihnen, Ihrer Kreativit\u00e4t in der K\u00fcche neue Gestalt zu verleihen. Eine Kombination mit einem intensiven Geschmack, die es Ihnen erm\u00f6glicht, Tr\u00fcffel zu jeder Jahreszeit zu genie\u00dfen.<\/p>\n<p><a href=\"https:\/\/demodev.olioalberti.it\/etichette\/etichetta-condimento-tartufo.jpg\">Blick auf das Etikett &gt;<\/a>[\/vc_column_text][\/vc_column][vc_column width=&#8220;1\/2&#8243;][\/vc_column][\/vc_row]\n<\/div>","protected":false},"excerpt":{"rendered":"<p>Eine elegante W\u00fcrze, die besonders gut zu typischen Herbstgerichten passt: Gnocchi mit vier K\u00e4sesorten, Eier, Pilzrisotto, Tatar und Carpaccio, oder auch Fleischfilets.<\/p>\n","protected":false},"featured_media":5021,"template":"","meta":[],"product_brand":[],"product_cat":[494,524],"product_tag":[366],"class_list":{"0":"post-5043","1":"product","2":"type-product","3":"status-publish","4":"has-post-thumbnail","6":"product_cat-aromatisiertes-oel","7":"product_cat-sommeraktion","8":"product_tag-natives-olivenol-extra","10":"first","11":"instock","12":"taxable","13":"shipping-taxable","14":"purchasable","15":"product-type-simple"},"_links":{"self":[{"href":"https:\/\/demodev.olioalberti.it\/de\/wp-json\/wp\/v2\/product\/5043","targetHints":{"allow":["GET"]}}],"collection":[{"href":"https:\/\/demodev.olioalberti.it\/de\/wp-json\/wp\/v2\/product"}],"about":[{"href":"https:\/\/demodev.olioalberti.it\/de\/wp-json\/wp\/v2\/types\/product"}],"wp:featuredmedia":[{"embeddable":true,"href":"https:\/\/demodev.olioalberti.it\/de\/wp-json\/wp\/v2\/media\/5021"}],"wp:attachment":[{"href":"https:\/\/demodev.olioalberti.it\/de\/wp-json\/wp\/v2\/media?parent=5043"}],"wp:term":[{"taxonomy":"product_brand","embeddable":true,"href":"https:\/\/demodev.olioalberti.it\/de\/wp-json\/wp\/v2\/product_brand?post=5043"},{"taxonomy":"product_cat","embeddable":true,"href":"https:\/\/demodev.olioalberti.it\/de\/wp-json\/wp\/v2\/product_cat?post=5043"},{"taxonomy":"product_tag","embeddable":true,"href":"https:\/\/demodev.olioalberti.it\/de\/wp-json\/wp\/v2\/product_tag?post=5043"}],"curies":[{"name":"wp","href":"https:\/\/api.w.org\/{rel}","templated":true}]}}