{"id":4812,"date":"2018-10-05T16:28:55","date_gmt":"2018-10-05T16:28:55","guid":{"rendered":"http:\/\/NUOVA_URL\/product\/natives-olivenol-extra-075-l\/"},"modified":"2022-06-01T07:32:01","modified_gmt":"2022-06-01T07:32:01","slug":"natives-olivenol-extra-075-l","status":"publish","type":"product","link":"https:\/\/demodev.olioalberti.it\/de\/prodotto\/natives-olivenol-extra-075-l\/","title":{"rendered":"Natives Oliven\u00f6l extra 0,75 l"},"content":{"rendered":"<div class=\"wpb-content-wrapper\">[vc_row][vc_column width=&#8220;1\/2&#8243;][vc_column_text css=&#8220;.vc_custom_1542718345884{margin-bottom: 0px !important;}&#8220;]Dank des Talents unserer Experten, und der Kombination der besten Sorten des europ\u00e4ischen Mittelmeerraums, erhalten wir ein hochwertiges Produkt, das sich durch einen starken und anhaltenden Geschmack auszeichnet. Sein leicht fruchtiges Aroma macht es besonders geeignet f\u00fcr Salate, rotes Fleisch und Suppen.<\/p>\n<p><a style=\"color: #9f8a58;\" href=\"https:\/\/demodev.olioalberti.it\/etichette\/Olio-extravergine-di-oliva.jpg\">Blick auf das Etikett &gt;<\/a>[\/vc_column_text][\/vc_column][vc_column width=&#8220;1\/2&#8243;][\/vc_column][\/vc_row]\n<\/div>","protected":false},"excerpt":{"rendered":"<p>Diese Art von nativem Oliven\u00f6l extra wird durch eine sorgf\u00e4ltige Mischung ausgew\u00e4hlter nativer Oliven\u00f6le extra aus dem europ\u00e4ischen Mittelmeerraum mit unterschiedlichen Eigenschaften hergestellt.<\/p>\n","protected":false},"featured_media":4489,"template":"","meta":[],"product_brand":[],"product_cat":[362,524],"product_tag":[366],"class_list":{"0":"post-4812","1":"product","2":"type-product","3":"status-publish","4":"has-post-thumbnail","6":"product_cat-ol","7":"product_cat-sommeraktion","8":"product_tag-natives-olivenol-extra","10":"first","11":"instock","12":"taxable","13":"shipping-taxable","14":"purchasable","15":"product-type-simple"},"_links":{"self":[{"href":"https:\/\/demodev.olioalberti.it\/de\/wp-json\/wp\/v2\/product\/4812","targetHints":{"allow":["GET"]}}],"collection":[{"href":"https:\/\/demodev.olioalberti.it\/de\/wp-json\/wp\/v2\/product"}],"about":[{"href":"https:\/\/demodev.olioalberti.it\/de\/wp-json\/wp\/v2\/types\/product"}],"wp:featuredmedia":[{"embeddable":true,"href":"https:\/\/demodev.olioalberti.it\/de\/wp-json\/wp\/v2\/media\/4489"}],"wp:attachment":[{"href":"https:\/\/demodev.olioalberti.it\/de\/wp-json\/wp\/v2\/media?parent=4812"}],"wp:term":[{"taxonomy":"product_brand","embeddable":true,"href":"https:\/\/demodev.olioalberti.it\/de\/wp-json\/wp\/v2\/product_brand?post=4812"},{"taxonomy":"product_cat","embeddable":true,"href":"https:\/\/demodev.olioalberti.it\/de\/wp-json\/wp\/v2\/product_cat?post=4812"},{"taxonomy":"product_tag","embeddable":true,"href":"https:\/\/demodev.olioalberti.it\/de\/wp-json\/wp\/v2\/product_tag?post=4812"}],"curies":[{"name":"wp","href":"https:\/\/api.w.org\/{rel}","templated":true}]}}