{"id":4763,"date":"2020-05-13T12:57:03","date_gmt":"2020-05-13T12:57:03","guid":{"rendered":"http:\/\/NUOVA_URL\/product\/natives-olivenol-extra-in-vintage-dose-2-lt\/"},"modified":"2022-12-07T15:57:18","modified_gmt":"2022-12-07T15:57:18","slug":"natives-olivenol-extra-in-vintage-dose-2-lt","status":"publish","type":"product","link":"https:\/\/demodev.olioalberti.it\/de\/prodotto\/natives-olivenol-extra-in-vintage-dose-2-lt\/","title":{"rendered":"Natives Oliven\u00f6l extra in Vintage-Dose 2 Lt"},"content":{"rendered":"<div class=\"wpb-content-wrapper\">[vc_row][vc_column width=&#8220;1\/2&#8243;][vc_column_text css=&#8220;.vc_custom_1670428636175{margin-bottom: 0px !important;}&#8220;]Ausgew\u00e4hlter Verschnitt hochwertiger nativer Oliven\u00f6le extra aus dem europ\u00e4ischen Mittelmeerraum mit s\u00fc\u00dfen und s\u00e4urearmen Eigenschaften. Verpackt in einer praktischen, leicht zu handhabenden Dose mit ausgepr\u00e4gtem Vintage-Charakter, hervorragend geeignet f\u00fcr den Einsatz in der K\u00fcche.<\/p>\n<p><a href=\"https:\/\/demodev.olioalberti.it\/etichette\/CA004S.jpg\">Blick auf das Etikett &gt;<\/a>[\/vc_column_text][\/vc_column][vc_column width=&#8220;1\/2&#8243;][\/vc_column][\/vc_row]\n<\/div>","protected":false},"excerpt":{"rendered":"<p>[vc_row][vc_column width=&#8220;1\/2&#8243;][vc_column_text css=&#8220;.vc_custom_1670428636175{margin-bottom: 0px !important;}&#8220;]Ausgew\u00e4hlter Verschnitt hochwertiger nativer Oliven\u00f6le extra aus dem europ\u00e4ischen Mittelmeerraum mit s\u00fc\u00dfen und s\u00e4urearmen Eigenschaften. Verpackt in einer praktischen, leicht zu handhabenden Dose mit ausgepr\u00e4gtem Vintage-Charakter, hervorragend geeignet f\u00fcr den Einsatz in der K\u00fcche. Blick auf das Etikett &gt;[\/vc_column_text][\/vc_column][vc_column width=&#8220;1\/2&#8243;][\/vc_column][\/vc_row]<\/p>\n","protected":false},"featured_media":4764,"template":"","meta":[],"product_brand":[],"product_cat":[362,524],"product_tag":[366],"class_list":{"0":"post-4763","1":"product","2":"type-product","3":"status-publish","4":"has-post-thumbnail","6":"product_cat-ol","7":"product_cat-sommeraktion","8":"product_tag-natives-olivenol-extra","10":"first","11":"instock","12":"taxable","13":"shipping-taxable","14":"purchasable","15":"product-type-simple"},"_links":{"self":[{"href":"https:\/\/demodev.olioalberti.it\/de\/wp-json\/wp\/v2\/product\/4763","targetHints":{"allow":["GET"]}}],"collection":[{"href":"https:\/\/demodev.olioalberti.it\/de\/wp-json\/wp\/v2\/product"}],"about":[{"href":"https:\/\/demodev.olioalberti.it\/de\/wp-json\/wp\/v2\/types\/product"}],"wp:featuredmedia":[{"embeddable":true,"href":"https:\/\/demodev.olioalberti.it\/de\/wp-json\/wp\/v2\/media\/4764"}],"wp:attachment":[{"href":"https:\/\/demodev.olioalberti.it\/de\/wp-json\/wp\/v2\/media?parent=4763"}],"wp:term":[{"taxonomy":"product_brand","embeddable":true,"href":"https:\/\/demodev.olioalberti.it\/de\/wp-json\/wp\/v2\/product_brand?post=4763"},{"taxonomy":"product_cat","embeddable":true,"href":"https:\/\/demodev.olioalberti.it\/de\/wp-json\/wp\/v2\/product_cat?post=4763"},{"taxonomy":"product_tag","embeddable":true,"href":"https:\/\/demodev.olioalberti.it\/de\/wp-json\/wp\/v2\/product_tag?post=4763"}],"curies":[{"name":"wp","href":"https:\/\/api.w.org\/{rel}","templated":true}]}}