{"id":4616,"date":"2018-11-20T14:12:02","date_gmt":"2018-11-20T14:12:02","guid":{"rendered":"NUOVA_URL\/product\/pesto-und-mortel-in-olivenholz\/"},"modified":"2022-01-10T00:06:12","modified_gmt":"2022-01-10T00:06:12","slug":"pesto-und-mortel-in-olivenholz","status":"publish","type":"product","link":"https:\/\/demodev.olioalberti.it\/de\/prodotto\/pesto-und-mortel-in-olivenholz\/","title":{"rendered":"Pesto und M\u00f6rtel in Olivenholz"},"content":{"rendered":"<div class=\"wpb-content-wrapper\">[vc_row][vc_column width=&#8220;1\/2&#8243;][vc_column_text css=&#8220;.vc_custom_1548405373907{margin-bottom: 0px !important;}&#8220;]\n<p class=\"p1\">Eine Geschenkidee, die an die ber\u00fchmten ligurischen Traditionen erinnert. M\u00f6rser und St\u00f6\u00dfel: zwei einfache Werkzeuge, die verschiedene Zutaten zerkleinern und miteinander vermischen k\u00f6nnen, w\u00e4hrend die Eigenschaften von Geschmack und Aroma erhalten bleiben &#8230; Kurz gesagt &#8211; genau wie unser unpasteurisiertes Pesto, das nur mit hochwertigen Zutaten hergestellt wird.<\/p>\n<p><a style=\"color: #9f8a58;\" href=\"http:\/\/demodev.olioalberti.it\/etichette\/Pesto-ligure-di-basilico-genovese-DOP-170-GR.png\">Blick auf das Etikett &gt;<\/a><\/p>\n[\/vc_column_text][\/vc_column][vc_column width=&#8220;1\/2&#8243;][\/vc_column][\/vc_row]\n<\/div>","protected":false},"excerpt":{"rendered":"<p class=\"p1\">Sch\u00f6ne Geschenkbox bestehend aus einem traditionellen Olivenholzm\u00f6rser und einer Packung unseres Genueser Basilikum Pesto g. U. 170 gr.<\/p>\n","protected":false},"featured_media":1299,"template":"","meta":[],"product_brand":[],"product_cat":[425],"product_tag":[474],"class_list":{"0":"post-4616","1":"product","2":"type-product","3":"status-publish","4":"has-post-thumbnail","6":"product_cat-geschenkverpackungen","7":"product_tag-pesto-und-mortel","9":"first","10":"instock","11":"taxable","12":"shipping-taxable","13":"purchasable","14":"product-type-simple"},"_links":{"self":[{"href":"https:\/\/demodev.olioalberti.it\/de\/wp-json\/wp\/v2\/product\/4616","targetHints":{"allow":["GET"]}}],"collection":[{"href":"https:\/\/demodev.olioalberti.it\/de\/wp-json\/wp\/v2\/product"}],"about":[{"href":"https:\/\/demodev.olioalberti.it\/de\/wp-json\/wp\/v2\/types\/product"}],"wp:featuredmedia":[{"embeddable":true,"href":"https:\/\/demodev.olioalberti.it\/de\/wp-json\/wp\/v2\/media\/1299"}],"wp:attachment":[{"href":"https:\/\/demodev.olioalberti.it\/de\/wp-json\/wp\/v2\/media?parent=4616"}],"wp:term":[{"taxonomy":"product_brand","embeddable":true,"href":"https:\/\/demodev.olioalberti.it\/de\/wp-json\/wp\/v2\/product_brand?post=4616"},{"taxonomy":"product_cat","embeddable":true,"href":"https:\/\/demodev.olioalberti.it\/de\/wp-json\/wp\/v2\/product_cat?post=4616"},{"taxonomy":"product_tag","embeddable":true,"href":"https:\/\/demodev.olioalberti.it\/de\/wp-json\/wp\/v2\/product_tag?post=4616"}],"curies":[{"name":"wp","href":"https:\/\/api.w.org\/{rel}","templated":true}]}}