{"id":4511,"date":"2018-10-15T13:42:21","date_gmt":"2018-10-15T13:42:21","guid":{"rendered":"NUOVA_URL\/product\/oliven-cultivar-taggiasca-in-salzlake-290-gr-abgetropft-180-gr\/"},"modified":"2022-01-10T00:06:11","modified_gmt":"2022-01-10T00:06:11","slug":"oliven-cultivar-taggiasca-in-salzlake-290-gr-abgetropft-180-gr","status":"publish","type":"product","link":"https:\/\/demodev.olioalberti.it\/de\/prodotto\/oliven-cultivar-taggiasca-in-salzlake-290-gr-abgetropft-180-gr\/","title":{"rendered":"Oliven \u201eCultivar Taggiasca\u201c in Salzlake 290 gr (abgetropft 180 gr)"},"content":{"rendered":"<div class=\"wpb-content-wrapper\">[vc_row][vc_column width=&#8220;1\/2&#8243;][vc_column_text css=&#8220;.vc_custom_1542807945293{margin-bottom: 0px !important;}&#8220;]\n<p>Die Oliven der Qualit\u00e4t Taggiasca haben eine kleine Gr\u00f6\u00dfe, eine l\u00e4ngliche Form und eine schillernde Farbe. Diese f\u00fcr das westliche Ligurien typische Olivensorte wird in begrenzten Mengen angebaut und ist dank der perfekten Kombination von Boden, Wasser und Klima einzigartig in ihrer Kategorie. Nach der Ernte werden die Taggiasca-Qualit\u00e4tsoliven ein Jahr lang in einer traditionellen Salzlake aus Wasser, Salz, aromatischen Kr\u00e4utern und nat\u00fcrlichen Aromen aufbewahrt.<\/p>\n<p><a style=\"color: #9f8a58;\" href=\"http:\/\/demodev.olioalberti.it\/etichette\/Olive-Cultivar-Taggiasca-in-salamoia-290-gr.jpg\">Blick auf das Etikett &gt;<\/a><\/p>\n[\/vc_column_text][\/vc_column][vc_column width=&#8220;1\/2&#8243;][vc_single_image image=&#8220;1931&#8243; img_size=&#8220;medium&#8220; alignment=&#8220;center&#8220;][\/vc_column][\/vc_row]\n<\/div>","protected":false},"excerpt":{"rendered":"<p>Ausgew\u00e4hlte Qualit\u00e4tsoliven \u201eCultivar Taggiasca\u201c, die ausschlie\u00dflich aus dem Hinterland von West-Ligurien stammen. Die Oliven werden in traditioneller Salzlake konserviert. Ideal zum W\u00fcrzen vieler Rezepte der typisch ligurischen K\u00fcche und mehr.<\/p>\n","protected":false},"featured_media":4513,"template":"","meta":[],"product_brand":[],"product_cat":[372],"product_tag":[375],"class_list":{"0":"post-4511","1":"product","2":"type-product","3":"status-publish","4":"has-post-thumbnail","6":"product_cat-oliven","7":"product_tag-cultivar-taggiasca-oliven","9":"first","10":"instock","11":"taxable","12":"shipping-taxable","13":"purchasable","14":"product-type-simple"},"_links":{"self":[{"href":"https:\/\/demodev.olioalberti.it\/de\/wp-json\/wp\/v2\/product\/4511","targetHints":{"allow":["GET"]}}],"collection":[{"href":"https:\/\/demodev.olioalberti.it\/de\/wp-json\/wp\/v2\/product"}],"about":[{"href":"https:\/\/demodev.olioalberti.it\/de\/wp-json\/wp\/v2\/types\/product"}],"wp:featuredmedia":[{"embeddable":true,"href":"https:\/\/demodev.olioalberti.it\/de\/wp-json\/wp\/v2\/media\/4513"}],"wp:attachment":[{"href":"https:\/\/demodev.olioalberti.it\/de\/wp-json\/wp\/v2\/media?parent=4511"}],"wp:term":[{"taxonomy":"product_brand","embeddable":true,"href":"https:\/\/demodev.olioalberti.it\/de\/wp-json\/wp\/v2\/product_brand?post=4511"},{"taxonomy":"product_cat","embeddable":true,"href":"https:\/\/demodev.olioalberti.it\/de\/wp-json\/wp\/v2\/product_cat?post=4511"},{"taxonomy":"product_tag","embeddable":true,"href":"https:\/\/demodev.olioalberti.it\/de\/wp-json\/wp\/v2\/product_tag?post=4511"}],"curies":[{"name":"wp","href":"https:\/\/api.w.org\/{rel}","templated":true}]}}