{"id":4474,"date":"2021-02-09T12:08:50","date_gmt":"2021-02-09T12:08:50","guid":{"rendered":"http:\/\/NUOVA_URL\/product\/natives-olivenol-extra-100-italienisch-1986-linie-075-lt\/"},"modified":"2022-06-01T07:34:48","modified_gmt":"2022-06-01T07:34:48","slug":"natives-olivenol-extra-100-italienisch-1986-linie-075-lt","status":"publish","type":"product","link":"https:\/\/demodev.olioalberti.it\/de\/prodotto\/natives-olivenol-extra-100-italienisch-1986-linie-075-lt\/","title":{"rendered":"Natives Oliven\u00f6l extra \u201e100% Italienisch\u201c 1986 Linie 0,75 Lt"},"content":{"rendered":"<div class=\"wpb-content-wrapper\">[vc_row][vc_column width=&#8220;1\/2&#8243;][vc_column_text css=&#8220;.vc_custom_1617726506333{margin-bottom: 0px !important;}&#8220;]\n<p>Die konsolidierte Arbeit unseres Experten erlaubt es, ein natives Oliven\u00f6l extra, dessen Eigenschaften dem ligurischen nativen Oliven\u00f6l extra \u00e4hnlich &#8211; also sehr delikat sind \u2013 zu offerieren.<br \/>\nEs wird nach dem Verfahren der \u201eKaltextraktion\u201c, unter Verwendung makelloser Oliven exklusiver italienischer Herkunft, gewonnen. Diese Flasche wurde speziell f\u00fcr diejenigen entwickelt, die eine noch raffiniertere und elit\u00e4rere Verpackung suchen.<\/p>\n<p><a style=\"color: #9f8a58;\" href=\"https:\/\/demodev.olioalberti.it\/etichette\/1986-italiano.jpg\">Blick auf das Etikett &gt;<\/a><\/p>\n[\/vc_column_text][\/vc_column][vc_column width=&#8220;1\/2&#8243;][\/vc_column][\/vc_row]\n<\/div>","protected":false},"excerpt":{"rendered":"<p>Diese delikate Mischung ist das Ergebnis einer sorgf\u00e4ltigen Auswahl hochwertiger, nativer Oliven\u00f6le extra, die aus ausschlie\u00dflich in Italien geernteten Oliven hergestellt werden.<br \/>\nWir haben eine dunkle Glasflasche gew\u00e4hlt, um das \u00d6l vor Lichtquellen zu sch\u00fctzen. Es hat auch eine T-f\u00f6rmige Kappe mit einem Ausgie\u00dfer, ideal f\u00fcr diejenigen, die keinen einzigen Tropfen dieses unglaublichen Produkts verschwenden wollen.<\/p>\n","protected":false},"featured_media":4462,"template":"","meta":[],"product_brand":[],"product_cat":[367,362,524],"product_tag":[369],"class_list":{"0":"post-4474","1":"product","2":"type-product","3":"status-publish","4":"has-post-thumbnail","6":"product_cat-1986-linie","7":"product_cat-ol","8":"product_cat-sommeraktion","9":"product_tag-natives-olivenol-extra-de-2","11":"first","12":"instock","13":"taxable","14":"shipping-taxable","15":"purchasable","16":"product-type-variable"},"_links":{"self":[{"href":"https:\/\/demodev.olioalberti.it\/de\/wp-json\/wp\/v2\/product\/4474","targetHints":{"allow":["GET"]}}],"collection":[{"href":"https:\/\/demodev.olioalberti.it\/de\/wp-json\/wp\/v2\/product"}],"about":[{"href":"https:\/\/demodev.olioalberti.it\/de\/wp-json\/wp\/v2\/types\/product"}],"wp:featuredmedia":[{"embeddable":true,"href":"https:\/\/demodev.olioalberti.it\/de\/wp-json\/wp\/v2\/media\/4462"}],"wp:attachment":[{"href":"https:\/\/demodev.olioalberti.it\/de\/wp-json\/wp\/v2\/media?parent=4474"}],"wp:term":[{"taxonomy":"product_brand","embeddable":true,"href":"https:\/\/demodev.olioalberti.it\/de\/wp-json\/wp\/v2\/product_brand?post=4474"},{"taxonomy":"product_cat","embeddable":true,"href":"https:\/\/demodev.olioalberti.it\/de\/wp-json\/wp\/v2\/product_cat?post=4474"},{"taxonomy":"product_tag","embeddable":true,"href":"https:\/\/demodev.olioalberti.it\/de\/wp-json\/wp\/v2\/product_tag?post=4474"}],"curies":[{"name":"wp","href":"https:\/\/api.w.org\/{rel}","templated":true}]}}