{"id":4467,"date":"2020-05-14T07:44:37","date_gmt":"2020-05-14T07:44:37","guid":{"rendered":"NUOVA_URL\/product\/natives-olivenol-extra-cultivar-taggiasca-luxus-050-lt\/"},"modified":"2022-01-10T00:06:10","modified_gmt":"2022-01-10T00:06:10","slug":"natives-olivenol-extra-cultivar-taggiasca-luxus-050-lt","status":"publish","type":"product","link":"https:\/\/demodev.olioalberti.it\/de\/prodotto\/natives-olivenol-extra-cultivar-taggiasca-luxus-050-lt\/","title":{"rendered":"Natives Oliven\u00f6l extra \u201eCultivar Taggiasca\u201c Luxus 0,50 Lt"},"content":{"rendered":"<div class=\"wpb-content-wrapper\">[vc_row][vc_column width=&#8220;1\/2&#8243;][vc_column_text css=&#8220;.vc_custom_1611246531958{margin-bottom: 0px !important;}&#8220;]\n<p>Dieses feine, ungefilterte native Oliven\u00f6l extra wird als Most bezeichnet, weil es nicht gefiltert und mehrmals nat\u00fcrlich dekantiert wird, damit sich keine \u00fcberm\u00e4\u00dfigen Ablagerungen am Flaschenboden bilden. Der geringe Bodensatz ist ein Hinweis auf die Authentizit\u00e4t des Produktes. Das native Oliven\u00f6l extra der Sorte Taggiasca hat eine strohgelbe Farbe mit einem starken Mandelaroma. Es passt sehr gut zu rohem Fisch und delikaten Gerichten, weil es den Geschmack nicht \u00fcberdeckt, sondern ihn mit einer einzigartigen und unnachahmlichen Note akzentuiert<\/p>\n<p><a style=\"color: #9f8a58;\" href=\"https:\/\/demodev.olioalberti.it\/etichette\/taggiasco.jpg\">Blick auf das Etikett &gt;<\/a><\/p>\n[\/vc_column_text][\/vc_column][vc_column width=&#8220;1\/2&#8243;][\/vc_column][\/vc_row]\n<\/div>","protected":false},"excerpt":{"rendered":"<p>Das Taggiasca native Oliven\u00f6l extra, auch wenn es keine g. U.-Zertifizierung hat, wird aus Oliven verarbeitet, die ausschlie\u00dflich aus der Riviera Ligure di Ponente stammen. Die organoleptischen Eigenschaften sind denen des nativen Oliven\u00f6ls extra Riviera Ligure G. U. sehr \u00e4hnlich, da die verwendeten Oliven vom selben Cultivar aus angrenzenden Gebieten stammen. Die elegante und minimalistische Verpackung eignet sich perfekt, um die Tische der besten Restaurants zu decken.<\/p>\n","protected":false},"featured_media":4468,"template":"","meta":[],"product_brand":[],"product_cat":[362],"product_tag":[369],"class_list":{"0":"post-4467","1":"product","2":"type-product","3":"status-publish","4":"has-post-thumbnail","6":"product_cat-ol","7":"product_tag-natives-olivenol-extra-de-2","9":"first","10":"instock","11":"taxable","12":"shipping-taxable","13":"purchasable","14":"product-type-simple"},"_links":{"self":[{"href":"https:\/\/demodev.olioalberti.it\/de\/wp-json\/wp\/v2\/product\/4467","targetHints":{"allow":["GET"]}}],"collection":[{"href":"https:\/\/demodev.olioalberti.it\/de\/wp-json\/wp\/v2\/product"}],"about":[{"href":"https:\/\/demodev.olioalberti.it\/de\/wp-json\/wp\/v2\/types\/product"}],"wp:featuredmedia":[{"embeddable":true,"href":"https:\/\/demodev.olioalberti.it\/de\/wp-json\/wp\/v2\/media\/4468"}],"wp:attachment":[{"href":"https:\/\/demodev.olioalberti.it\/de\/wp-json\/wp\/v2\/media?parent=4467"}],"wp:term":[{"taxonomy":"product_brand","embeddable":true,"href":"https:\/\/demodev.olioalberti.it\/de\/wp-json\/wp\/v2\/product_brand?post=4467"},{"taxonomy":"product_cat","embeddable":true,"href":"https:\/\/demodev.olioalberti.it\/de\/wp-json\/wp\/v2\/product_cat?post=4467"},{"taxonomy":"product_tag","embeddable":true,"href":"https:\/\/demodev.olioalberti.it\/de\/wp-json\/wp\/v2\/product_tag?post=4467"}],"curies":[{"name":"wp","href":"https:\/\/api.w.org\/{rel}","templated":true}]}}