{"id":4461,"date":"2021-02-09T11:56:17","date_gmt":"2021-02-09T11:56:17","guid":{"rendered":"http:\/\/NUOVA_URL\/product\/natives-olivenol-extra-cultivar-taggiasca-1986-linie-0-50-0-75-lt\/"},"modified":"2022-12-17T18:03:17","modified_gmt":"2022-12-17T18:03:17","slug":"natives-olivenol-extra-cultivar-taggiasca-1986-linie-0-50-0-75-lt","status":"publish","type":"product","link":"https:\/\/demodev.olioalberti.it\/de\/prodotto\/natives-olivenol-extra-cultivar-taggiasca-1986-linie-0-50-0-75-lt\/","title":{"rendered":"Natives Oliven\u00f6l extra \u201eCultivar Taggiasca\u201c 1986 Linie 0.50 &#8211; 0.75 Lt"},"content":{"rendered":"<div class=\"wpb-content-wrapper\">[vc_row][vc_column width=&#8220;1\/2&#8243;][vc_column_text css=&#8220;.vc_custom_1617726865538{margin-bottom: 0px !important;}&#8220;]\n<p style=\"margin: 0cm; line-height: 19.9pt; background: white; vertical-align: baseline;\"><span style=\"color: black;\">Dieses feine, ungefilterte native Oliven\u00f6l extra wird als \u201eMost\u201c bezeichnet, weil es nicht gefiltert und mehrmals nat\u00fcrlich dekantiert wird, um die Bildung von \u00fcberm\u00e4\u00dfigen Ablagerungen am Boden zu vermeiden. Das taggiasca \u00d6l hat eine strohgelbe bis hellgoldene Farbe und ein feines, intensives Aroma. Im Gaumen ist er au\u00dferordentlich delikat, gezeichnet von intensiven Mandel- und Pinienkernaromen. Diese Flasche wurde speziell f\u00fcr diejenigen entwickelt, die eine noch raffiniertere und elit\u00e4rere Verpackung suchen.<\/p>\n<p><a style=\"color: #9f8a58;\" href=\"https:\/\/demodev.olioalberti.it\/etichette\/1986-taggiasco.jpg\">Blick auf das Etikett &gt;<\/a><\/p>\n[\/vc_column_text][\/vc_column][vc_column width=&#8220;1\/2&#8243;][\/vc_column][\/vc_row]\n<\/div>","protected":false},"excerpt":{"rendered":"<p><img loading=\"lazy\" decoding=\"async\" class=\"alignleft size-full wp-image-4102\" src=\"https:\/\/demodev.olioalberti.it\/wp-content\/uploads\/2021\/04\/1986_ita.jpg\" alt=\"\" width=\"1800\" height=\"450\" srcset=\"https:\/\/demodev.olioalberti.it\/wp-content\/uploads\/2021\/04\/1986_ita.jpg 1800w, https:\/\/demodev.olioalberti.it\/wp-content\/uploads\/2021\/04\/1986_ita-600x150.jpg 600w, https:\/\/demodev.olioalberti.it\/wp-content\/uploads\/2021\/04\/1986_ita-300x75.jpg 300w, https:\/\/demodev.olioalberti.it\/wp-content\/uploads\/2021\/04\/1986_ita-768x192.jpg 768w, https:\/\/demodev.olioalberti.it\/wp-content\/uploads\/2021\/04\/1986_ita-1024x256.jpg 1024w\" sizes=\"auto, (max-width: 1800px) 100vw, 1800px\" \/><br \/>\nDas native Oliven\u00f6l extra \u201eCultivar Taggiasca\u201c wird, auch wenn es keine g. U.-Zertifizierung hat, aus Oliven verarbeitet, die ausschlie\u00dflich aus der Riviera Ligure di Ponente stammen; genauer gesagt aus der Provinz Imperia und dem \u00e4u\u00dfersten Westen von Savona. Wir haben eine dunkle Glasflasche gew\u00e4hlt, um das \u00d6l vor m\u00f6glichen Lichtquellen zu sch\u00fctzen. Es verf\u00fcgt \u00fcber eine T-f\u00f6rmige Kappe mit einem Ausgie\u00dfer und ist somit ideal f\u00fcr diejenigen, die keinen einzigen Tropfen dieses unglaublichen Produkts verschwenden wollen.<\/p>\n","protected":false},"featured_media":4463,"template":"","meta":[],"product_brand":[],"product_cat":[367,362],"product_tag":[369],"class_list":{"0":"post-4461","1":"product","2":"type-product","3":"status-publish","4":"has-post-thumbnail","6":"product_cat-1986-linie","7":"product_cat-ol","8":"product_tag-natives-olivenol-extra-de-2","9":"product_shipping_class-europa-multipli-di-6","11":"first","12":"instock","13":"taxable","14":"shipping-taxable","15":"purchasable","16":"product-type-variable","17":"has-default-attributes"},"_links":{"self":[{"href":"https:\/\/demodev.olioalberti.it\/de\/wp-json\/wp\/v2\/product\/4461","targetHints":{"allow":["GET"]}}],"collection":[{"href":"https:\/\/demodev.olioalberti.it\/de\/wp-json\/wp\/v2\/product"}],"about":[{"href":"https:\/\/demodev.olioalberti.it\/de\/wp-json\/wp\/v2\/types\/product"}],"wp:featuredmedia":[{"embeddable":true,"href":"https:\/\/demodev.olioalberti.it\/de\/wp-json\/wp\/v2\/media\/4463"}],"wp:attachment":[{"href":"https:\/\/demodev.olioalberti.it\/de\/wp-json\/wp\/v2\/media?parent=4461"}],"wp:term":[{"taxonomy":"product_brand","embeddable":true,"href":"https:\/\/demodev.olioalberti.it\/de\/wp-json\/wp\/v2\/product_brand?post=4461"},{"taxonomy":"product_cat","embeddable":true,"href":"https:\/\/demodev.olioalberti.it\/de\/wp-json\/wp\/v2\/product_cat?post=4461"},{"taxonomy":"product_tag","embeddable":true,"href":"https:\/\/demodev.olioalberti.it\/de\/wp-json\/wp\/v2\/product_tag?post=4461"}],"curies":[{"name":"wp","href":"https:\/\/api.w.org\/{rel}","templated":true}]}}