{"id":4452,"date":"2020-05-13T14:44:10","date_gmt":"2020-05-13T14:44:10","guid":{"rendered":"NUOVA_URL\/product\/natives-olivenol-extra-riviera-ligure-g-u-luxus-050-lt\/"},"modified":"2022-01-10T00:06:10","modified_gmt":"2022-01-10T00:06:10","slug":"natives-olivenol-extra-riviera-ligure-g-u-luxus-050-lt","status":"publish","type":"product","link":"https:\/\/demodev.olioalberti.it\/de\/prodotto\/natives-olivenol-extra-riviera-ligure-g-u-luxus-050-lt\/","title":{"rendered":"Natives Oliven\u00f6l extra \u201eRiviera Ligure\u201c g. U. Luxus 0,50 Lt"},"content":{"rendered":"<div class=\"wpb-content-wrapper\">[vc_row][vc_column width=&#8220;1\/2&#8243;][vc_column_text css=&#8220;.vc_custom_1605000687128{margin-bottom: 0px !important;}&#8220;]\n<p>In der Raffiniertheit liegt die St\u00e4rke \u2013 das ist unser kostbares, natives Oliven\u00f6l extra von au\u00dfergew\u00f6hnlicher Reinheit. Die organoleptischen Eigenschaften jedes Gerichts werden hervorgehoben, die urspr\u00fcnglichen Geschmacksrichtungen beibehalten. Es handelt sich um ein natives Oliven\u00f6l extra, das als Most definiert wird, weil es nat\u00fcrlich mehrmals dekantiert und nicht gefiltert wird, um die Bildung von \u00fcberm\u00e4\u00dfigen Ablagerungen am Boden der Flasche zu vermeiden. Die Flasche ist mit Goldpapier ausgekleidet, um das native Oliven\u00f6l extra vor Licht zu sch\u00fctzen, der Ursache von Defekten.<\/p>\n<p><a style=\"color: #9f8a58;\" href=\"https:\/\/demodev.olioalberti.it\/etichette\/dop.jpg\">Blick auf das Etikett &gt;<\/a><\/p>\n[\/vc_column_text][\/vc_column][vc_column width=&#8220;1\/2&#8243;][\/vc_column][\/vc_row]\n<\/div>","protected":false},"excerpt":{"rendered":"<p>Es ist die Exzellenz unserer nativen Oliven\u00f6le extra, die aus ausgew\u00e4hlten schwarzen Oliven Cultivar Taggiasca hergestellt werden, die ausschlie\u00dflich aus dem Hinterland von West-Ligurien stammen. Es zeichnet sich durch seinen vollen und harmonischen, reichen und delikaten Geschmack aus. Die g. U.-Zertifizierung dieses Produkts garantiert Qualit\u00e4t und Unverf\u00e4lschtheit<\/p>\n<p>In eleganter und minimalistischer Verpackung, perfekt f\u00fcr den gedeckten Tisch in den besten Restaurants.<\/p>\n","protected":false},"featured_media":4453,"template":"","meta":[],"product_brand":[],"product_cat":[362],"product_tag":[366],"class_list":{"0":"post-4452","1":"product","2":"type-product","3":"status-publish","4":"has-post-thumbnail","6":"product_cat-ol","7":"product_tag-natives-olivenol-extra","9":"first","10":"instock","11":"taxable","12":"shipping-taxable","13":"purchasable","14":"product-type-simple"},"_links":{"self":[{"href":"https:\/\/demodev.olioalberti.it\/de\/wp-json\/wp\/v2\/product\/4452","targetHints":{"allow":["GET"]}}],"collection":[{"href":"https:\/\/demodev.olioalberti.it\/de\/wp-json\/wp\/v2\/product"}],"about":[{"href":"https:\/\/demodev.olioalberti.it\/de\/wp-json\/wp\/v2\/types\/product"}],"wp:featuredmedia":[{"embeddable":true,"href":"https:\/\/demodev.olioalberti.it\/de\/wp-json\/wp\/v2\/media\/4453"}],"wp:attachment":[{"href":"https:\/\/demodev.olioalberti.it\/de\/wp-json\/wp\/v2\/media?parent=4452"}],"wp:term":[{"taxonomy":"product_brand","embeddable":true,"href":"https:\/\/demodev.olioalberti.it\/de\/wp-json\/wp\/v2\/product_brand?post=4452"},{"taxonomy":"product_cat","embeddable":true,"href":"https:\/\/demodev.olioalberti.it\/de\/wp-json\/wp\/v2\/product_cat?post=4452"},{"taxonomy":"product_tag","embeddable":true,"href":"https:\/\/demodev.olioalberti.it\/de\/wp-json\/wp\/v2\/product_tag?post=4452"}],"curies":[{"name":"wp","href":"https:\/\/api.w.org\/{rel}","templated":true}]}}