{"id":4442,"date":"2021-02-09T11:29:06","date_gmt":"2021-02-09T11:29:06","guid":{"rendered":"http:\/\/NUOVA_URL\/product\/natives-olivenol-extra-riviera-ligure-riviera-dei-fiori-g-u-1986-linie-0-50-0-75\/"},"modified":"2022-12-19T09:51:26","modified_gmt":"2022-12-19T09:51:26","slug":"natives-olivenol-extra-riviera-ligure-riviera-dei-fiori-g-u-1986-linie-0-50-0-75","status":"publish","type":"product","link":"https:\/\/demodev.olioalberti.it\/de\/prodotto\/natives-olivenol-extra-riviera-ligure-riviera-dei-fiori-g-u-1986-linie-0-50-0-75\/","title":{"rendered":"Natives Oliven\u00f6l extra &#8222;Riviera Ligure &#8211; Riviera dei Fiori&#8220; g. U. 1986 Linie 0.50-0.75"},"content":{"rendered":"<div class=\"wpb-content-wrapper\">[vc_row][vc_column width=&#8220;1\/2&#8243;][vc_column_text css=&#8220;.vc_custom_1670315103835{margin-bottom: 0px !important;}&#8220;]\u00c8 un olio extra vergine di oliva <strong>pregiato<\/strong>, di eccezionale purezza, che ha il suo punto di forza nella <strong>delicatezza<\/strong>; esso esalta le caratteristiche organolettiche di ogni piatto mantenendo inalterati i profumi ed i sapori originali.<\/p>\n<p>L\u2019<strong>olio D.o.p. \u201cRiviera Ligure \u2013 Riviera dei Fiori\u201d<\/strong> si presenta di colorazione tra il <strong>giallo paglierino<\/strong> e l\u2019oro; dal profumo <strong>delicato<\/strong> ed <strong>intenso<\/strong>, risulta al palato di una eleganza straordinaria, con aromi intensi di <strong>mandorla<\/strong> e <strong>pinolo<\/strong>.<\/p>\n<p>Questa bottiglia \u00e8 studiata appositamente per essere destinata a chi ricerca un\u00a0<strong>packaging\u00a0<\/strong>ancor pi\u00f9\u00a0<strong>raffinato\u00a0<\/strong>ed<strong>\u00a0elitario<\/strong>.<\/p>\n<p><a style=\"color: #9f8a58;\" href=\"https:\/\/demodev.olioalberti.it\/etichette\/1986-extravergine.jpg\">guarda l&#8217;etichetta &gt;<\/a>[\/vc_column_text][\/vc_column][vc_column width=&#8220;1\/2&#8243;][\/vc_column][\/vc_row]\n<\/div>","protected":false},"excerpt":{"rendered":"<p><img loading=\"lazy\" decoding=\"async\" class=\"alignleft size-full wp-image-4102\" src=\"https:\/\/demodev.olioalberti.it\/wp-content\/uploads\/2021\/04\/1986_ita.jpg\" alt=\"\" width=\"1800\" height=\"450\" srcset=\"https:\/\/demodev.olioalberti.it\/wp-content\/uploads\/2021\/04\/1986_ita.jpg 1800w, https:\/\/demodev.olioalberti.it\/wp-content\/uploads\/2021\/04\/1986_ita-600x150.jpg 600w, https:\/\/demodev.olioalberti.it\/wp-content\/uploads\/2021\/04\/1986_ita-300x75.jpg 300w, https:\/\/demodev.olioalberti.it\/wp-content\/uploads\/2021\/04\/1986_ita-768x192.jpg 768w, https:\/\/demodev.olioalberti.it\/wp-content\/uploads\/2021\/04\/1986_ita-1024x256.jpg 1024w\" sizes=\"auto, (max-width: 1800px) 100vw, 1800px\" \/><br \/>\nEs ist die <strong>Exzellenz unserer nativen Oliven\u00f6le extra<\/strong>, die aus ausgew\u00e4hlten <strong>Oliven der Sorte \u201eCultivar Taggiasca\u201c<\/strong> hergestellt werden, die ausschlie\u00dflich im Hinterland von West-Ligurien &#8211; in einer durchschnittlichen H\u00f6he von 400 Metern \u00fcber dem Meeresspiegel &#8211; gefunden werden k\u00f6nnen. Die prestigetr\u00e4chtige g. U.-Zertifizierung, die dieses Produkt erhalten hat, garantiert die Qualit\u00e4t und Authentizit\u00e4t des Produkts. Wir haben eine dunkle Glasflasche gew\u00e4hlt, um das \u00d6l vor m\u00f6glichen Lichtquellen zu sch\u00fctzen. Die T-f\u00f6rmige Kappe mit einem Ausgie\u00dfer ist ideal f\u00fcr diejenigen, die keinen einzigen Tropfen dieses <strong>unglaublichen Produkts<\/strong> verschwenden wollen.<\/p>\n","protected":false},"featured_media":4443,"template":"","meta":[],"product_brand":[],"product_cat":[367,362],"product_tag":[366],"class_list":{"0":"post-4442","1":"product","2":"type-product","3":"status-publish","4":"has-post-thumbnail","6":"product_cat-1986-linie","7":"product_cat-ol","8":"product_tag-natives-olivenol-extra","10":"first","11":"instock","12":"taxable","13":"shipping-taxable","14":"purchasable","15":"product-type-variable","16":"has-default-attributes"},"_links":{"self":[{"href":"https:\/\/demodev.olioalberti.it\/de\/wp-json\/wp\/v2\/product\/4442","targetHints":{"allow":["GET"]}}],"collection":[{"href":"https:\/\/demodev.olioalberti.it\/de\/wp-json\/wp\/v2\/product"}],"about":[{"href":"https:\/\/demodev.olioalberti.it\/de\/wp-json\/wp\/v2\/types\/product"}],"wp:featuredmedia":[{"embeddable":true,"href":"https:\/\/demodev.olioalberti.it\/de\/wp-json\/wp\/v2\/media\/4443"}],"wp:attachment":[{"href":"https:\/\/demodev.olioalberti.it\/de\/wp-json\/wp\/v2\/media?parent=4442"}],"wp:term":[{"taxonomy":"product_brand","embeddable":true,"href":"https:\/\/demodev.olioalberti.it\/de\/wp-json\/wp\/v2\/product_brand?post=4442"},{"taxonomy":"product_cat","embeddable":true,"href":"https:\/\/demodev.olioalberti.it\/de\/wp-json\/wp\/v2\/product_cat?post=4442"},{"taxonomy":"product_tag","embeddable":true,"href":"https:\/\/demodev.olioalberti.it\/de\/wp-json\/wp\/v2\/product_tag?post=4442"}],"curies":[{"name":"wp","href":"https:\/\/api.w.org\/{rel}","templated":true}]}}