{"id":5281,"date":"2019-06-07T14:13:24","date_gmt":"2019-06-07T14:13:24","guid":{"rendered":"https:\/\/www.olioalberti.it\/il-gusto-va-in-vacanza\/"},"modified":"2022-05-19T14:07:47","modified_gmt":"2022-05-19T14:07:47","slug":"geniessen-sie-das-geschmack-von-ferien","status":"publish","type":"page","link":"https:\/\/demodev.olioalberti.it\/de\/geniessen-sie-das-geschmack-von-ferien\/","title":{"rendered":"Il gusto va in vacanza"},"content":{"rendered":"<div class=\"wpb-content-wrapper\">[mk_page_section bg_image=&#8220;https:\/\/demodev.olioalberti.it\/wp-content\/uploads\/2021\/04\/cervo.jpg&#8220; bg_position=&#8220;center bottom&#8220; bg_repeat=&#8220;no-repeat&#8220; bg_stretch=&#8220;true&#8220; video_color_mask=&#8220;rgba(0,0,0,0.53)&#8220; min_height=&#8220;600&#8243; js_vertical_centered=&#8220;true&#8220; padding_top=&#8220;0&#8243; padding_bottom=&#8220;0&#8243; sidebar=&#8220;sidebar-1&#8243;][vc_column][mk_fancy_title tag_name=&#8220;h1&#8243; color=&#8220;#ffffff&#8220; size=&#8220;70&#8243; force_font_size=&#8220;true&#8220; size_phone=&#8220;30&#8243; font_weight=&#8220;500&#8243; margin_bottom=&#8220;0&#8243; font_family=&#8220;Playfair+Display&#8220; font_type=&#8220;google&#8220; align=&#8220;center&#8220; animation=&#8220;fade-in&#8220;]Genie\u00dfen Sie das Geschmack von Ferien![\/mk_fancy_title][\/vc_column][\/mk_page_section][vc_row][vc_column][mk_padding_divider size=&#8220;120&#8243;][\/vc_column][\/vc_row][vc_row][vc_column width=&#8220;1\/4&#8243;][\/vc_column][vc_column width=&#8220;1\/2&#8243;][vc_column_text align=&#8220;center&#8220; css=&#8220;.vc_custom_1652966968666{margin-bottom: 0px !important;}&#8220;]\n<h2 style=\"line-height: 28px; letter-spacing: 3px; color: #9f8a58;\">15% RABATT AUF DIE GRUNDPREISLISTE NUR F\u00dcR KUNDEN DES ALBERTI SHOPS.<\/h2>\n<p>Senden Sie die Rechnungsnummer f\u00fcr Ihren Online-Einkauf an die E-Mail-Adresse der Unterkunft, um Ihren Aufenthalt in Ligurien zu einem erm\u00e4\u00dfigten Preis zu buchen.[\/vc_column_text][\/vc_column][vc_column width=&#8220;1\/4&#8243;][\/vc_column][\/vc_row][vc_row][vc_column][mk_padding_divider size=&#8220;120&#8243;][\/vc_column][\/vc_row][vc_row][vc_column width=&#8220;1\/2&#8243;][mk_fancy_title tag_name=&#8220;h1&#8243; color=&#8220;#000000&#8243; size=&#8220;70&#8243; force_font_size=&#8220;true&#8220; size_phone=&#8220;30&#8243; font_weight=&#8220;500&#8243; margin_bottom=&#8220;0&#8243; font_family=&#8220;Playfair+Display&#8220; font_type=&#8220;google&#8220; align=&#8220;right&#8220; responsive_align=&#8220;left&#8220;]Grand Hotel<br \/>\nDiana Majestic [\/mk_fancy_title][mk_padding_divider size=&#8220;30&#8243;][vc_row_inner][vc_column_inner][vc_single_image image=&#8220;5268&#8243; img_size=&#8220;full&#8220; alignment=&#8220;center&#8220;][\/vc_column_inner][\/vc_row_inner][vc_row_inner][vc_column_inner width=&#8220;1\/2&#8243;][vc_single_image image=&#8220;5271&#8243; img_size=&#8220;full&#8220; alignment=&#8220;center&#8220;][\/vc_column_inner][vc_column_inner width=&#8220;1\/2&#8243;][vc_single_image image=&#8220;5274&#8243; img_size=&#8220;full&#8220; alignment=&#8220;center&#8220;][\/vc_column_inner][\/vc_row_inner][\/vc_column][vc_column width=&#8220;1\/2&#8243; css=&#8220;.vc_custom_1532418314991{padding: 5% !important;}&#8220;][mk_padding_divider size=&#8220;120&#8243; visibility=&#8220;hidden-sm&#8220;][vc_column_text css=&#8220;.vc_custom_1652966998402{margin-bottom: 0px !important;}&#8220;]\n<h2 style=\"line-height: 28px; letter-spacing: 3px; text-align: left;\">GENAU WEIL WIR HOHE QUALIT\u00c4T SO SEHR LIEBEN WIE UNSER GEBIET, M\u00d6CHTEN WIR IHNEN EINE URLAUBSIDEE VORSCHLAGEN, MIT DER SIE UNSER FANTASTISCHES LIGURIEN MIT H\u00d6CHSTEM KOMFORT ENTDECKEN K\u00d6NNEN.<\/h2>\n<p>Nur f\u00fcr unsere Kunden behalten wir uns die M\u00f6glichkeit vor, von einem einzigartigen und absolut entspannenden Aufenthalt zu profitieren, ideal zu jeder Jahreszeit, um ein neues Ligurien mit einem geheimen und verborgenen Charme zu entdecken.<\/p>\n<p>In Diano Marina, eingebettet in den Golf von Dianese, befindet sich ein luxuri\u00f6ses 4-Sterne-Hotel, das mit allem Komfort ausgestattet ist; Dieses Hotel zeichnet sich neben seiner fantastischen Lage am Meer durch seine hellen Zimmer, einen Privatstrand, zwei S\u00fc\u00dfwasserpools und drei verschiedene Restaurants aus. Wenn Sie Intimit\u00e4t und Privatsph\u00e4re sch\u00e4tzen, aber gleichzeitig blitzschnell am Strand sein m\u00f6chten, um sich zu entspannen und das beste Klima Italiens zu genie\u00dfen, dann ist das Grand Hotel Diana Majestic die L\u00f6sung f\u00fcr Sie.<br \/>\nFinde mehr heraus<br \/>\n[\/vc_column_text][vc_column_text css=&#8220;.vc_custom_1652966866675{margin-bottom: 0px !important;}&#8220;]<a href=\"https:\/\/www.dianamajestic.com\/en\/?gclid=Cj0KCQjw1ZeUBhDyARIsAOzAqQK0k4lhbclJWaKg-CxSiJB7_Q8U_wwIt13i0vwEptgWOwoV-6Q31e0aAqweEALw_wcB\">Scopri di pi\u00f9 &gt;<\/a>[\/vc_column_text][\/vc_column][\/vc_row][vc_row][vc_column width=&#8220;1\/2&#8243;][\/vc_column][vc_column width=&#8220;1\/2&#8243; css=&#8220;.vc_custom_1617790817640{padding: 5% !important;}&#8220;][vc_column_text css=&#8220;.vc_custom_1652967028362{margin-bottom: 0px !important;}&#8220;]\n<h2 style=\"line-height: 28px; letter-spacing: 3px; color: #9f8a58;\">WIE BUCHT MAN.<\/h2>\n<p>Mit der Kaufrechnung der Alberti-Produkte finden Sie einen Coupon, der Ihnen die M\u00f6glichkeit gibt, 15 % Rabatt auf die Listenpreise f\u00fcr die Nebensaison* des Grand Hotel Diana Majestic zu erhalten, indem Sie den Rabattcode vorlegen, den Sie genie\u00dfen k\u00f6nnen Sch\u00f6nheit unserer Orte sowie Geschmack.<\/p>\n<p>&nbsp;<\/p>\n<p>* Nebensaison: vom 05.05 bis 18.06 und vom 18.09 bis 31.10[\/vc_column_text][vc_column_text css=&#8220;.vc_custom_1617272879716{margin-bottom: 0px !important;}&#8220;]\n<p style=\"text-align: left;\">[\/vc_column_text][\/vc_column][\/vc_row][vc_row][vc_column][mk_padding_divider size=&#8220;100&#8243;][\/vc_column][\/vc_row][vc_row][vc_column][vc_column_text]\n[\/vc_column_text][\/vc_column][\/vc_row]\n<\/div>","protected":false},"excerpt":{"rendered":"<p>[mk_page_section bg_image=&#8220;https:\/\/demodev.olioalberti.it\/wp-content\/uploads\/2021\/04\/cervo.jpg&#8220; bg_position=&#8220;center bottom&#8220; bg_repeat=&#8220;no-repeat&#8220; bg_stretch=&#8220;true&#8220; video_color_mask=&#8220;rgba(0,0,0,0.53)&#8220; min_height=&#8220;600&#8243; js_vertical_centered=&#8220;true&#8220; padding_top=&#8220;0&#8243; padding_bottom=&#8220;0&#8243; sidebar=&#8220;sidebar-1&#8243;][vc_column][mk_fancy_title tag_name=&#8220;h1&#8243; color=&#8220;#ffffff&#8220; size=&#8220;70&#8243; force_font_size=&#8220;true&#8220; size_phone=&#8220;30&#8243; font_weight=&#8220;500&#8243; margin_bottom=&#8220;0&#8243; font_family=&#8220;Playfair+Display&#8220; font_type=&#8220;google&#8220; align=&#8220;center&#8220; animation=&#8220;fade-in&#8220;]Genie\u00dfen Sie das Geschmack von Ferien![\/mk_fancy_title][\/vc_column][\/mk_page_section][vc_row][vc_column][mk_padding_divider size=&#8220;120&#8243;][\/vc_column][\/vc_row][vc_row][vc_column width=&#8220;1\/4&#8243;][\/vc_column][vc_column width=&#8220;1\/2&#8243;][vc_column_text align=&#8220;center&#8220; css=&#8220;.vc_custom_1652966968666{margin-bottom: 0px !important;}&#8220;] 15% RABATT AUF DIE GRUNDPREISLISTE NUR F\u00dcR KUNDEN DES ALBERTI SHOPS. Senden Sie die Rechnungsnummer f\u00fcr Ihren Online-Einkauf an die [&hellip;]<\/p>\n","protected":false},"author":1,"featured_media":0,"parent":0,"menu_order":0,"comment_status":"closed","ping_status":"closed","template":"","meta":{"footnotes":""},"class_list":["post-5281","page","type-page","status-publish","hentry"],"_links":{"self":[{"href":"https:\/\/demodev.olioalberti.it\/de\/wp-json\/wp\/v2\/pages\/5281","targetHints":{"allow":["GET"]}}],"collection":[{"href":"https:\/\/demodev.olioalberti.it\/de\/wp-json\/wp\/v2\/pages"}],"about":[{"href":"https:\/\/demodev.olioalberti.it\/de\/wp-json\/wp\/v2\/types\/page"}],"author":[{"embeddable":true,"href":"https:\/\/demodev.olioalberti.it\/de\/wp-json\/wp\/v2\/users\/1"}],"replies":[{"embeddable":true,"href":"https:\/\/demodev.olioalberti.it\/de\/wp-json\/wp\/v2\/comments?post=5281"}],"version-history":[{"count":3,"href":"https:\/\/demodev.olioalberti.it\/de\/wp-json\/wp\/v2\/pages\/5281\/revisions"}],"predecessor-version":[{"id":5313,"href":"https:\/\/demodev.olioalberti.it\/de\/wp-json\/wp\/v2\/pages\/5281\/revisions\/5313"}],"wp:attachment":[{"href":"https:\/\/demodev.olioalberti.it\/de\/wp-json\/wp\/v2\/media?parent=5281"}],"curies":[{"name":"wp","href":"https:\/\/api.w.org\/{rel}","templated":true}]}}